{"id":491,"date":"2025-12-06T13:06:21","date_gmt":"2025-12-06T13:06:21","guid":{"rendered":"https:\/\/duvymentoring.com\/?post_type=product&#038;p=491"},"modified":"2025-12-07T04:26:44","modified_gmt":"2025-12-07T04:26:44","slug":"en-5-dias-disena-tu-plan-de-independencia-y-asegurate-de-no-envejecer-sin-dinero","status":"publish","type":"product","link":"https:\/\/duvymentoring.com\/en\/product\/en-5-dias-disena-tu-plan-de-independencia-y-asegurate-de-no-envejecer-sin-dinero\/","title":{"rendered":"En 5 d\u00edas dise\u00f1a tu plan de Independencia y aseg\u00farate de NO envejecer sin dinero"},"content":{"rendered":"","protected":false},"excerpt":{"rendered":"<div class=\"elementor-element elementor-element-2593f40 animated-slow elementor-widget elementor-widget-heading animated fadeInUp\" data-id=\"2593f40\" data-element_type=\"widget\" data-settings=\"{&quot;_animation&quot;:&quot;fadeInUp&quot;}\" data-widget_type=\"heading.default\">\n<div class=\"elementor-widget-container\">\n<div class=\"elementor-element elementor-element-2593f40 animated-slow elementor-widget elementor-widget-heading animated fadeInUp\" data-id=\"2593f40\" data-element_type=\"widget\" data-settings=\"{&quot;_animation&quot;:&quot;fadeInUp&quot;}\" data-widget_type=\"heading.default\">\n<div class=\"elementor-widget-container\">\n<h2 class=\"elementor-heading-title elementor-size-default\">\u00bfQU\u00c9 LOGRAR\u00c1N EN 5 D\u00cdAS?<\/h2>\n<\/div>\n<\/div>\n<div class=\"elementor-element elementor-element-6546325 animated-slow elementor-widget elementor-widget-text-editor animated fadeInUp\" data-id=\"6546325\" data-element_type=\"widget\" data-settings=\"{&quot;_animation&quot;:&quot;fadeInUp&quot;}\" data-widget_type=\"text-editor.default\">\n<div class=\"elementor-widget-container\">\n<p>\u2714\u00a0Romper el miedo que te paraliza<br \/>\n\u2714\u00a0Recuperar tu poder interno<br \/>\n\u2714\u00a0Ordena tu relaci\u00f3n con el dinero<br \/>\n\u2714\u00a0Construir una identidad capaz y segura<br \/>\n\u2714\u00a0Ver con claridad que decisiones tomar en 2026<br \/>\n\u2714\u00a0Sentir que ya no es tarde<br \/>\n\u2714\u00a0Y crear tu primer mapa paso a paso de independencia<\/p>\n<\/div>\n<\/div>\n<\/div>\n<\/div>\n<div class=\"elementor-element elementor-element-c4de2bc animated-slow elementor-widget elementor-widget-heading animated fadeInUp\" data-id=\"c4de2bc\" data-element_type=\"widget\" data-settings=\"{&quot;_animation&quot;:&quot;fadeInUp&quot;}\" data-widget_type=\"heading.default\">\n<div class=\"elementor-widget-container\">\n<div class=\"elementor-element elementor-element-c4de2bc animated-slow elementor-widget elementor-widget-heading animated fadeInUp\" data-id=\"c4de2bc\" data-element_type=\"widget\" data-settings=\"{&quot;_animation&quot;:&quot;fadeInUp&quot;}\" data-widget_type=\"heading.default\">\n<div class=\"elementor-widget-container\">\n<h2 class=\"elementor-heading-title elementor-size-default\">\u00bfPARA QUI\u00c9N ES ESTE RETO?<\/h2>\n<\/div>\n<\/div>\n<div class=\"elementor-element elementor-element-afad368 animated-slow elementor-widget elementor-widget-text-editor animated fadeInUp\" data-id=\"afad368\" data-element_type=\"widget\" data-settings=\"{&quot;_animation&quot;:&quot;fadeInUp&quot;}\" data-widget_type=\"text-editor.default\">\n<div class=\"elementor-widget-container\">\n<p>\u2714\u00a0Tienes 40+ y estas cansada de depender de otros o de un empleo para sentir seguridad<br \/>\n\u2714\u00a0Sientes que no puedes sostenerte sola<br \/>\n\u2714\u00a0Tienes miedo real a envejecer sin estabilidad<br \/>\n\u2714\u00a0Estas lista para dejar de sobrevivir y empezar a construir<br \/>\n\u2714\u00a0Quieres claridad, direcci\u00f3n y un plan concreto<br \/>\n\u2714\u00a0Sabes que dentro de ti hay una mujer fuerte\u2026. pero aun no la estas usando<br \/>\n\u2714 No quieres esperar m\u00e1s: Quieres empezar ya!<\/p>\n<\/div>\n<\/div>\n<\/div>\n<\/div>\n<div class=\"elementor-element elementor-element-f3e2860 animated-slow elementor-widget elementor-widget-text-editor animated fadeInUp\" data-id=\"f3e2860\" data-element_type=\"widget\" data-settings=\"{&quot;_animation&quot;:&quot;fadeInUp&quot;}\" data-widget_type=\"text-editor.default\">\n<div class=\"elementor-widget-container\">\n<div class=\"elementor-element elementor-element-34861d6 animated-slow elementor-widget elementor-widget-heading animated fadeInUp\" data-id=\"34861d6\" data-element_type=\"widget\" data-settings=\"{&quot;_animation&quot;:&quot;fadeInUp&quot;}\" data-widget_type=\"heading.default\">\n<div class=\"elementor-widget-container\">\n<div class=\"elementor-element elementor-element-34861d6 animated-slow elementor-widget elementor-widget-heading animated fadeInUp\" data-id=\"34861d6\" data-element_type=\"widget\" data-settings=\"{&quot;_animation&quot;:&quot;fadeInUp&quot;}\" data-widget_type=\"heading.default\">\n<div class=\"elementor-widget-container\">\n<h2 class=\"elementor-heading-title elementor-size-default\">\u00bfQUE INCLUYEN ESTOS 5 D\u00cdAS?<\/h2>\n<\/div>\n<\/div>\n<div class=\"elementor-element elementor-element-ed8678f animated-slow elementor-widget elementor-widget-text-editor animated fadeInUp\" data-id=\"ed8678f\" data-element_type=\"widget\" data-settings=\"{&quot;_animation&quot;:&quot;fadeInUp&quot;}\" data-widget_type=\"text-editor.default\">\n<div class=\"elementor-widget-container\">\n<p>\u2714\u00a05 clases en vivo<br \/>\n\u2714\u00a0M\u00e9todo HORUS<br \/>\n\u2714\u00a0Workbook de claridad<br \/>\n\u2714\u00a0Ritual solar<br \/>\n\u2714\u00a0Audio de identidad<br \/>\n\u2714\u00a0Comunidad privada<br \/>\n\u2714\u00a0Mapa paso a paso Independencia 2026<\/p>\n<\/div>\n<\/div>\n<\/div>\n<\/div>\n<\/div>\n<\/div>","protected":false},"featured_media":492,"comment_status":"open","ping_status":"closed","template":"","meta":{"_joinchat":[]},"product_brand":[],"product_cat":[18],"product_tag":[],"class_list":{"0":"post-491","1":"product","2":"type-product","3":"status-publish","4":"has-post-thumbnail","6":"product_cat-crecimiento","8":"first","9":"instock","10":"shipping-taxable","11":"purchasable","12":"product-type-simple"},"_links":{"self":[{"href":"https:\/\/duvymentoring.com\/en\/wp-json\/wp\/v2\/product\/491","targetHints":{"allow":["GET"]}}],"collection":[{"href":"https:\/\/duvymentoring.com\/en\/wp-json\/wp\/v2\/product"}],"about":[{"href":"https:\/\/duvymentoring.com\/en\/wp-json\/wp\/v2\/types\/product"}],"replies":[{"embeddable":true,"href":"https:\/\/duvymentoring.com\/en\/wp-json\/wp\/v2\/comments?post=491"}],"wp:featuredmedia":[{"embeddable":true,"href":"https:\/\/duvymentoring.com\/en\/wp-json\/wp\/v2\/media\/492"}],"wp:attachment":[{"href":"https:\/\/duvymentoring.com\/en\/wp-json\/wp\/v2\/media?parent=491"}],"wp:term":[{"taxonomy":"product_brand","embeddable":true,"href":"https:\/\/duvymentoring.com\/en\/wp-json\/wp\/v2\/product_brand?post=491"},{"taxonomy":"product_cat","embeddable":true,"href":"https:\/\/duvymentoring.com\/en\/wp-json\/wp\/v2\/product_cat?post=491"},{"taxonomy":"product_tag","embeddable":true,"href":"https:\/\/duvymentoring.com\/en\/wp-json\/wp\/v2\/product_tag?post=491"}],"curies":[{"name":"wp","href":"https:\/\/api.w.org\/{rel}","templated":true}]}}